{"id":720,"date":"2020-03-01T16:23:29","date_gmt":"2020-03-01T16:23:29","guid":{"rendered":"http:\/\/hirter.net\/tb\/?page_id=9"},"modified":"2024-04-09T06:46:16","modified_gmt":"2024-04-09T06:46:16","slug":"ueber-mich","status":"publish","type":"page","link":"https:\/\/trainybrain.ch\/index.php\/ueber-mich\/","title":{"rendered":"\u00dcber mich"},"content":{"rendered":"<div data-colibri-id=\"720-c1\" class=\"style-609 style-local-720-c1 position-relative\">\n  <!---->\n  <div data-colibri-component=\"section\" data-colibri-id=\"720-c2\" id=\"custom-2\" class=\"h-section h-section-global-spacing d-flex align-items-lg-center align-items-md-center align-items-center style-610 style-local-720-c2 position-relative\">\n    <!---->\n    <!---->\n    <div class=\"h-section-grid-container h-section-boxed-container\">\n      <!---->\n      <div data-colibri-id=\"720-c3\" class=\"h-row-container gutters-row-lg-2 gutters-row-md-2 gutters-row-0 gutters-row-v-lg-2 gutters-row-v-md-2 gutters-row-v-2 style-611 style-local-720-c3 position-relative\">\n        <!---->\n        <div class=\"h-row justify-content-lg-center justify-content-md-center justify-content-center align-items-lg-stretch align-items-md-stretch align-items-stretch gutters-col-lg-2 gutters-col-md-2 gutters-col-0 gutters-col-v-lg-2 gutters-col-v-md-2 gutters-col-v-2\">\n          <!---->\n          <div class=\"h-column h-column-container d-flex h-col-lg-auto h-col-md-auto h-col-auto style-612-outer style-local-720-c4-outer\">\n            <div data-colibri-id=\"720-c4\" class=\"d-flex h-flex-basis h-column__inner h-px-lg-2 h-px-md-2 h-px-2 v-inner-lg-2 v-inner-md-2 v-inner-2 style-612 style-local-720-c4 position-relative\">\n              <!---->\n              <!---->\n              <div class=\"w-100 h-y-container h-column__content h-column__v-align flex-basis-100 align-self-lg-start align-self-md-start align-self-start\">\n                <!---->\n                <div data-colibri-id=\"720-c5\" class=\"h-global-transition-all h-heading style-613 style-local-720-c5 position-relative h-element\">\n                  <!---->\n                  <div class=\"h-heading__outer style-613 style-local-720-c5\">\n                    <!---->\n                    <!---->\n                    <h3 class=\"\">\u00dcber mich<\/h3>\n                  <\/div>\n                <\/div>\n                <div data-colibri-id=\"720-c6\" class=\"h-text h-text-component style-614 style-local-720-c6 position-relative h-element\">\n                  <!---->\n                  <!---->\n                  <div class=\"\">\n                    <p>Mein Name ist Sandra Sch\u00e4rer, ich bin Mentalcoach, J&amp;S Fussball Trainerin sowie berufst\u00e4tige Ehefrau und Mutter. Lange Jahre war ich intensiv im Bereich des runden Leders unterwegs.\n                      <br>Meine Begeisterung f\u00fcr Sport und mein Interesse am Menschen und seinem geistigen Potential haben mich zur Ausbildung als (Sport)-Mentaltrainerin gef\u00fchrt.\n                      <br>Eine Weiterbildung zum Kinder- und Jugendcoach und diverse Kurse und Seminare rund um Life Balance und mentale Gesundheit folgten.\n                      <br>Mit &#8222;trainybrain&#8220; biete ich Dir als Coach ein breites Angebot an Tools und Methoden f\u00fcr mehr &#8222;mind power&#8220; auf dem Weg zu Deinem n\u00e4chsten Ziel.<\/p>\n                  <\/div>\n                <\/div>\n              <\/div>\n            <\/div>\n          <\/div>\n          <div class=\"h-column h-column-container d-flex h-col-lg-auto h-col-md-auto h-col-auto style-615-outer style-local-720-c7-outer\">\n            <div data-colibri-id=\"720-c7\" class=\"d-flex h-flex-basis h-column__inner h-px-lg-2 h-px-md-2 h-px-2 v-inner-lg-2 v-inner-md-2 v-inner-2 style-615 style-local-720-c7 position-relative\">\n              <!---->\n              <!---->\n              <div class=\"w-100 h-y-container h-column__content h-column__v-align flex-basis-100 align-self-lg-start align-self-md-start align-self-start\">\n                <!---->\n                <div data-colibri-id=\"720-c8\" class=\"d-block style-627 style-local-720-c8 position-relative h-element\">\n                  <!---->\n                  <div class=\"h-image__frame-container-outer\">\n                    <a href=\"https:\/\/trainybrain.ch\/media\/vpt_zertifikat_schaerer.pdf\" target=\"_blank\" rel=\"nofollow noopener\" h-use-smooth-scroll=\"true\" class=\"image-link\">\n                      <div class=\"h-image__frame-container\">\n                        <!---->\n                        <!---->\n                        <img loading=\"lazy\" decoding=\"async\" width=\"411\" height=\"449\" src=\"https:\/\/trainybrain.ch\/wp-content\/uploads\/2022\/06\/cropped-vpt_schaerer.jpg\" class=\"wp-image-1027 style-627-image style-local-720-c8-image\" alt=\"\" srcset=\"https:\/\/trainybrain.ch\/wp-content\/uploads\/2022\/06\/cropped-vpt_schaerer.jpg 411w, https:\/\/trainybrain.ch\/wp-content\/uploads\/2022\/06\/cropped-vpt_schaerer-275x300.jpg 275w\" sizes=\"(max-width: 411px) 100vw, 411px\" \/>\n                        <div class=\"h-image__frame h-hide-lg h-hide-md h-hide-sm style-627-frameImage style-local-720-c8-frameImage\"><\/div>\n                      <\/div>\n                    <\/a>\n                  <\/div>\n                <\/div>\n              <\/div>\n            <\/div>\n          <\/div>\n        <\/div>\n      <\/div>\n      <div data-colibri-id=\"720-c9\" class=\"h-row-container gutters-row-lg-2 gutters-row-md-2 gutters-row-0 gutters-row-v-lg-2 gutters-row-v-md-2 gutters-row-v-2 style-628 style-local-720-c9 position-relative\">\n        <!---->\n        <div class=\"h-row justify-content-lg-center justify-content-md-center justify-content-center align-items-lg-stretch align-items-md-stretch align-items-stretch gutters-col-lg-2 gutters-col-md-2 gutters-col-0 gutters-col-v-lg-2 gutters-col-v-md-2 gutters-col-v-2\">\n          <!---->\n          <div class=\"h-column h-column-container d-flex h-col-lg-auto h-col-md-auto h-col-auto style-629-outer style-local-720-c10-outer\">\n            <div data-colibri-id=\"720-c10\" class=\"d-flex h-flex-basis h-column__inner h-ui-empty-state-container h-px-lg-2 h-px-md-2 h-px-2 v-inner-lg-2 v-inner-md-2 v-inner-2 style-629 style-local-720-c10 position-relative\">\n              <!---->\n              <!---->\n              <div class=\"w-100 h-y-container h-column__content h-column__v-align flex-basis-100\">\n                <!---->\n              <\/div>\n            <\/div>\n          <\/div>\n          <div class=\"h-column h-column-container d-flex h-col-lg-auto h-col-md-auto h-col-auto style-630-outer style-local-720-c11-outer\">\n            <div data-colibri-id=\"720-c11\" class=\"d-flex h-flex-basis h-column__inner h-px-lg-2 h-px-md-2 h-px-2 v-inner-lg-2 v-inner-md-2 v-inner-2 style-630 style-local-720-c11 position-relative\">\n              <!---->\n              <!---->\n              <div class=\"w-100 h-y-container h-column__content h-column__v-align flex-basis-100 align-self-lg-start align-self-md-start align-self-start\">\n                <!---->\n                <div data-colibri-id=\"720-c12\" class=\"h-x-container style-631 style-local-720-c12 position-relative h-element\">\n                  <!---->\n                  <div class=\"h-x-container-inner style-dynamic-720-c12-group style-631-spacing style-local-720-c12-spacing\"><span class=\"h-link__outer style-632-outer style-local-720-c13-outer d-inline-flex h-element\"><a h-use-smooth-scroll=\"true\" href=\"https:\/\/trainybrain.ch\/media\/vpt_zertifikat_schaerer.pdf\" target=\"_blank\" data-colibri-id=\"720-c13\" class=\"d-flex w-100 align-items-center h-link style-632 style-local-720-c13 position-relative\" rel=\"noopener\"><!----><!----> <span>zum Zertifikat \u00bb\u00bb\u00bb<\/span><\/a>\n                    <\/span>\n                  <\/div>\n                <\/div>\n              <\/div>\n            <\/div>\n          <\/div>\n        <\/div>\n      <\/div>\n    <\/div>\n  <\/div>\n  <div data-colibri-component=\"section\" data-colibri-id=\"720-c14\" id=\"custom\" class=\"h-section h-section-global-spacing d-flex align-items-lg-center align-items-md-center align-items-center style-617 style-local-720-c14 position-relative\">\n    <!---->\n    <!---->\n    <div class=\"h-section-grid-container h-section-boxed-container\">\n      <!---->\n      <div data-colibri-id=\"720-c15\" class=\"h-row-container gutters-row-lg-2 gutters-row-md-2 gutters-row-0 gutters-row-v-lg-2 gutters-row-v-md-2 gutters-row-v-2 style-618 style-local-720-c15 position-relative\">\n        <!---->\n        <div class=\"h-row justify-content-lg-center justify-content-md-center justify-content-center align-items-lg-stretch align-items-md-stretch align-items-stretch gutters-col-lg-2 gutters-col-md-2 gutters-col-0 gutters-col-v-lg-2 gutters-col-v-md-2 gutters-col-v-2\">\n          <!---->\n          <div class=\"h-column h-column-container d-flex h-col-lg-auto h-col-md-auto h-col-auto style-619-outer style-local-720-c16-outer\">\n            <div data-colibri-id=\"720-c16\" class=\"d-flex h-flex-basis h-column__inner h-px-lg-2 h-px-md-2 h-px-2 v-inner-lg-2 v-inner-md-2 v-inner-2 style-619 style-local-720-c16 position-relative\">\n              <!---->\n              <!---->\n              <div class=\"w-100 h-y-container h-column__content h-column__v-align flex-basis-100 align-self-lg-start align-self-md-start align-self-start\">\n                <!---->\n                <div data-colibri-id=\"720-c17\" class=\"h-global-transition-all h-heading style-620 style-local-720-c17 position-relative h-element\">\n                  <!---->\n                  <div class=\"h-heading__outer style-620 style-local-720-c17\">\n                    <!---->\n                    <!---->\n                    <h3 class=\"\">Aus- und Weiterbildungen<\/h3>\n                  <\/div>\n                <\/div>\n              <\/div>\n            <\/div>\n          <\/div>\n        <\/div>\n      <\/div>\n      <div data-colibri-id=\"720-c18\" class=\"h-row-container gutters-row-lg-2 gutters-row-md-2 gutters-row-0 gutters-row-v-lg-2 gutters-row-v-md-2 gutters-row-v-2 style-621 style-local-720-c18 position-relative\">\n        <!---->\n        <div class=\"h-row justify-content-lg-center justify-content-md-center justify-content-center align-items-lg-stretch align-items-md-stretch align-items-stretch gutters-col-lg-2 gutters-col-md-2 gutters-col-0 gutters-col-v-lg-2 gutters-col-v-md-2 gutters-col-v-2\">\n          <!---->\n          <div class=\"h-column h-column-container d-flex h-col-lg-auto h-col-md-auto h-col-auto style-622-outer style-local-720-c19-outer\">\n            <div data-colibri-id=\"720-c19\" class=\"d-flex h-flex-basis h-column__inner h-px-lg-2 h-px-md-2 h-px-2 v-inner-lg-2 v-inner-md-2 v-inner-2 style-622 style-local-720-c19 position-relative\">\n              <!---->\n              <!---->\n              <div class=\"w-100 h-y-container h-column__content h-column__v-align flex-basis-100 align-self-lg-start align-self-md-start align-self-start\">\n                <!---->\n                <div data-colibri-id=\"720-c20\" class=\"icon-list d-flex justify-content-lg-center justify-content-md-center justify-content-center style-623 style-local-720-c20 position-relative h-element\">\n                  <!---->\n                  <ul class=\"ul-list-icon vertical-on-desktop vertical-on-tablet vertical-on-mobile justify-content-lg-center justify-content-md-center justify-content-center\">\n                    <!---->\n                    <li class=\"list-item no-gutters\">\n                      <!---->\n                      <div class=\"list-container-divider d-flex justify-content-lg-center justify-content-md-center justify-content-center first-el-spacer\"><\/div> <span class=\"item-link no-gutters\"><div class=\"d-flex h-col no-gutters align-items-lg-center align-items-md-center align-items-center list-item-text-wrapper\"><div class=\"d-flex\"><span  class=\"h-svg-icon style-623-icon style-local-720-c20-icon\"><!--Icon by Font Awesome (https:\/\/fontawesome.com)-->\n    <svg version=\"1.1\" xmlns=\"http:\/\/www.w3.org\/2000\/svg\" xmlns:xlink=\"http:\/\/www.w3.org\/1999\/xlink\" id=\"check\" viewBox=\"0 0 1792 1896.0833\">\n      <path d=\"M1671 566q0 40-28 68l-724 724-136 136q-28 28-68 28t-68-28l-136-136-362-362q-28-28-28-68t28-68l136-136q28-28 68-28t68 28l294 295 656-657q28-28 68-28t68 28l136 136q28 28 28 68z\"><\/path>\n    <\/svg><\/span><\/div> <span class=\"list-text d-block\"><span>Zert. (Sport) Mentalcoach<\/span><\/span>\n              <\/div>\n              <\/span>\n              <div class=\"list-container-divider d-flex justify-content-lg-center justify-content-md-center justify-content-center\">\n                <!---->\n              <\/div>\n              <\/li>\n              <li class=\"list-item no-gutters\">\n                <!---->\n                <!----><span class=\"item-link no-gutters\"><div class=\"d-flex h-col no-gutters align-items-lg-center align-items-md-center align-items-center list-item-text-wrapper\"><div class=\"d-flex\"><span  class=\"h-svg-icon style-623-icon style-local-720-c20-icon\"><!--Icon by Font Awesome (https:\/\/fontawesome.com)-->\n    <svg version=\"1.1\" xmlns=\"http:\/\/www.w3.org\/2000\/svg\" xmlns:xlink=\"http:\/\/www.w3.org\/1999\/xlink\" id=\"check\" viewBox=\"0 0 1792 1896.0833\">\n      <path d=\"M1671 566q0 40-28 68l-724 724-136 136q-28 28-68 28t-68-28l-136-136-362-362q-28-28-28-68t28-68l136-136q28-28 68-28t68 28l294 295 656-657q28-28 68-28t68 28l136 136q28 28 28 68z\"><\/path>\n    <\/svg><\/span><\/div> <span class=\"list-text d-block\"><span>Kinder und Jugendcoach<\/span><\/span>\n          <\/div>\n          <\/span>\n          <div class=\"list-container-divider d-flex justify-content-lg-center justify-content-md-center justify-content-center\">\n            <!---->\n          <\/div>\n          <\/li>\n          <li class=\"list-item no-gutters\">\n            <!---->\n            <!----><span class=\"item-link no-gutters\"><div class=\"d-flex h-col no-gutters align-items-lg-center align-items-md-center align-items-center list-item-text-wrapper\"><div class=\"d-flex\"><span  class=\"h-svg-icon style-623-icon style-local-720-c20-icon\"><!--Icon by Font Awesome (https:\/\/fontawesome.com)-->\n    <svg version=\"1.1\" xmlns=\"http:\/\/www.w3.org\/2000\/svg\" xmlns:xlink=\"http:\/\/www.w3.org\/1999\/xlink\" id=\"check\" viewBox=\"0 0 1792 1896.0833\">\n      <path d=\"M1671 566q0 40-28 68l-724 724-136 136q-28 28-68 28t-68-28l-136-136-362-362q-28-28-28-68t28-68l136-136q28-28 68-28t68 28l294 295 656-657q28-28 68-28t68 28l136 136q28 28 28 68z\"><\/path>\n    <\/svg><\/span><\/div> <span class=\"list-text d-block\"><span>Zert. Bewegter Brain Trainer<\/span><\/span>\n      <\/div>\n      <\/span>\n      <div class=\"list-container-divider d-flex justify-content-lg-center justify-content-md-center justify-content-center\">\n        <!---->\n      <\/div>\n      <\/li>\n      <li class=\"list-item no-gutters\">\n        <!---->\n        <!----><span class=\"item-link no-gutters\"><div class=\"d-flex h-col no-gutters align-items-lg-center align-items-md-center align-items-center list-item-text-wrapper\"><div class=\"d-flex\"><span  class=\"h-svg-icon style-623-icon style-local-720-c20-icon\"><!--Icon by Font Awesome (https:\/\/fontawesome.com)-->\n    <svg version=\"1.1\" xmlns=\"http:\/\/www.w3.org\/2000\/svg\" xmlns:xlink=\"http:\/\/www.w3.org\/1999\/xlink\" id=\"check\" viewBox=\"0 0 1792 1896.0833\">\n      <path d=\"M1671 566q0 40-28 68l-724 724-136 136q-28 28-68 28t-68-28l-136-136-362-362q-28-28-28-68t28-68l136-136q28-28 68-28t68 28l294 295 656-657q28-28 68-28t68 28l136 136q28 28 28 68z\"><\/path>\n    <\/svg><\/span><\/div> <span class=\"list-text d-block\"><span>Zert. TCM Fussreflexologie<\/span><\/span>\n  <\/div>\n  <\/span>\n  <div class=\"list-container-divider d-flex justify-content-lg-center justify-content-md-center justify-content-center\">\n    <!---->\n  <\/div>\n  <\/li>\n  <li class=\"list-item no-gutters\">\n    <!---->\n    <!----><span class=\"item-link no-gutters\"><div class=\"d-flex h-col no-gutters align-items-lg-center align-items-md-center align-items-center list-item-text-wrapper\"><div class=\"d-flex\"><span  class=\"h-svg-icon style-623-icon style-local-720-c20-icon\"><!--Icon by Font Awesome (https:\/\/fontawesome.com)-->\n    <svg version=\"1.1\" xmlns=\"http:\/\/www.w3.org\/2000\/svg\" xmlns:xlink=\"http:\/\/www.w3.org\/1999\/xlink\" id=\"check\" viewBox=\"0 0 1792 1896.0833\">\n      <path d=\"M1671 566q0 40-28 68l-724 724-136 136q-28 28-68 28t-68-28l-136-136-362-362q-28-28-28-68t28-68l136-136q28-28 68-28t68 28l294 295 656-657q28-28 68-28t68 28l136 136q28 28 28 68z\"><\/path>\n    <\/svg><\/span><\/div> <span class=\"list-text d-block\"><span>J&amp;S Leiter<\/span><\/span>\n<\/div>\n<\/span>\n<div class=\"list-container-divider d-flex justify-content-lg-center justify-content-md-center justify-content-center\" style=\"display: none;\">\n  <!---->\n<\/div>\n<div class=\"list-container-divider d-flex justify-content-lg-center justify-content-md-center justify-content-center last-el-spacer\"><\/div>\n<\/li>\n<\/ul>\n<\/div>\n<\/div>\n<\/div>\n<\/div>\n<\/div>\n<\/div>\n<\/div>\n<\/div>\n<div data-colibri-component=\"section\" data-colibri-id=\"720-c21\" id=\"custom-3\" class=\"h-section h-section-global-spacing d-flex align-items-lg-center align-items-md-center align-items-center style-624 style-local-720-c21 position-relative\">\n  <!---->\n  <!---->\n  <div class=\"h-section-grid-container h-section-boxed-container\">\n    <!---->\n    <div data-colibri-id=\"720-c22\" class=\"h-row-container gutters-row-lg-2 gutters-row-md-2 gutters-row-0 gutters-row-v-lg-2 gutters-row-v-md-2 gutters-row-v-2 style-625 style-local-720-c22 position-relative\">\n      <!---->\n      <div class=\"h-row justify-content-lg-center justify-content-md-center justify-content-center align-items-lg-stretch align-items-md-stretch align-items-stretch gutters-col-lg-2 gutters-col-md-2 gutters-col-0 gutters-col-v-lg-2 gutters-col-v-md-2 gutters-col-v-2\">\n        <!---->\n        <div class=\"h-column h-column-container d-flex h-col-lg-auto h-col-md-auto h-col-auto style-626-outer style-local-720-c23-outer\">\n          <div data-colibri-id=\"720-c23\" class=\"d-flex h-flex-basis h-column__inner h-ui-empty-state-container h-px-lg-2 h-px-md-2 h-px-2 v-inner-lg-2 v-inner-md-2 v-inner-2 style-626 style-local-720-c23 position-relative\">\n            <!---->\n            <!---->\n            <div class=\"w-100 h-y-container h-column__content h-column__v-align flex-basis-100\">\n              <!---->\n            <\/div>\n          <\/div>\n        <\/div>\n      <\/div>\n    <\/div>\n  <\/div>\n<\/div>\n<\/div>","protected":false},"excerpt":{"rendered":"<p>\u00dcber mich Mein Name ist Sandra Sch\u00e4rer, ich bin Mentalcoach, J&amp;S Fussball Trainerin sowie berufst\u00e4tige Ehefrau und Mutter. Lange Jahre war ich intensiv im Bereich des runden Leders unterwegs. Meine Begeisterung f\u00fcr Sport und mein Interesse am Menschen und seinem geistigen Potential haben mich zur Ausbildung als (Sport)-Mentaltrainerin gef\u00fchrt. Eine Weiterbildung zum Kinder- und Jugendcoach [&hellip;]<\/p>\n","protected":false},"author":2,"featured_media":33,"parent":0,"menu_order":0,"comment_status":"closed","ping_status":"closed","template":"page-templates\/full-width-page.php","meta":{"footnotes":""},"yoast_head":"<!-- This site is optimized with the Yoast SEO plugin v20.9 - https:\/\/yoast.com\/wordpress\/plugins\/seo\/ -->\n<title>\u00dcber mich - trainybrain.ch<\/title>\n<meta name=\"robots\" content=\"index, follow, max-snippet:-1, max-image-preview:large, max-video-preview:-1\" \/>\n<link rel=\"canonical\" href=\"https:\/\/trainybrain.ch\/index.php\/ueber-mich\/\" \/>\n<meta property=\"og:locale\" content=\"de_DE\" \/>\n<meta property=\"og:type\" content=\"article\" \/>\n<meta property=\"og:title\" content=\"\u00dcber mich - trainybrain.ch\" \/>\n<meta property=\"og:description\" content=\"\u00dcber mich Mein Name ist Sandra Sch\u00e4rer, ich bin Mentalcoach, J&amp;S Fussball Trainerin sowie berufst\u00e4tige Ehefrau und Mutter. Lange Jahre war ich intensiv im Bereich des runden Leders unterwegs. Meine Begeisterung f\u00fcr Sport und mein Interesse am Menschen und seinem geistigen Potential haben mich zur Ausbildung als (Sport)-Mentaltrainerin gef\u00fchrt. Eine Weiterbildung zum Kinder- und Jugendcoach [&hellip;]\" \/>\n<meta property=\"og:url\" content=\"https:\/\/trainybrain.ch\/index.php\/ueber-mich\/\" \/>\n<meta property=\"og:site_name\" content=\"trainybrain.ch\" \/>\n<meta property=\"article:modified_time\" content=\"2024-04-09T06:46:16+00:00\" \/>\n<meta property=\"og:image\" content=\"https:\/\/trainybrain.ch\/wp-content\/uploads\/2020\/03\/sandra360x360-1.jpg\" \/>\n\t<meta property=\"og:image:width\" content=\"360\" \/>\n\t<meta property=\"og:image:height\" content=\"360\" \/>\n\t<meta property=\"og:image:type\" content=\"image\/jpeg\" \/>\n<meta name=\"twitter:card\" content=\"summary_large_image\" \/>\n<meta name=\"twitter:label1\" content=\"Gesch\u00e4tzte Lesezeit\" \/>\n\t<meta name=\"twitter:data1\" content=\"1\u00a0Minute\" \/>\n<script type=\"application\/ld+json\" class=\"yoast-schema-graph\">{\"@context\":\"https:\/\/schema.org\",\"@graph\":[{\"@type\":\"WebPage\",\"@id\":\"https:\/\/trainybrain.ch\/index.php\/ueber-mich\/\",\"url\":\"https:\/\/trainybrain.ch\/index.php\/ueber-mich\/\",\"name\":\"\u00dcber mich - trainybrain.ch\",\"isPartOf\":{\"@id\":\"https:\/\/trainybrain.ch\/#website\"},\"datePublished\":\"2020-03-01T16:23:29+00:00\",\"dateModified\":\"2024-04-09T06:46:16+00:00\",\"breadcrumb\":{\"@id\":\"https:\/\/trainybrain.ch\/index.php\/ueber-mich\/#breadcrumb\"},\"inLanguage\":\"de\",\"potentialAction\":[{\"@type\":\"ReadAction\",\"target\":[\"https:\/\/trainybrain.ch\/index.php\/ueber-mich\/\"]}]},{\"@type\":\"BreadcrumbList\",\"@id\":\"https:\/\/trainybrain.ch\/index.php\/ueber-mich\/#breadcrumb\",\"itemListElement\":[{\"@type\":\"ListItem\",\"position\":1,\"name\":\"Startseite\",\"item\":\"https:\/\/trainybrain.ch\/\"},{\"@type\":\"ListItem\",\"position\":2,\"name\":\"\u00dcber mich\"}]},{\"@type\":\"WebSite\",\"@id\":\"https:\/\/trainybrain.ch\/#website\",\"url\":\"https:\/\/trainybrain.ch\/\",\"name\":\"trainybrain.ch\",\"description\":\"\",\"publisher\":{\"@id\":\"https:\/\/trainybrain.ch\/#organization\"},\"potentialAction\":[{\"@type\":\"SearchAction\",\"target\":{\"@type\":\"EntryPoint\",\"urlTemplate\":\"https:\/\/trainybrain.ch\/?s={search_term_string}\"},\"query-input\":\"required name=search_term_string\"}],\"inLanguage\":\"de\"},{\"@type\":\"Organization\",\"@id\":\"https:\/\/trainybrain.ch\/#organization\",\"name\":\"trainybrain.ch\",\"url\":\"https:\/\/trainybrain.ch\/\",\"logo\":{\"@type\":\"ImageObject\",\"inLanguage\":\"de\",\"@id\":\"https:\/\/trainybrain.ch\/#\/schema\/logo\/image\/\",\"url\":\"https:\/\/trainybrain.ch\/wp-content\/uploads\/2020\/03\/cropped-Logo-2-1.png\",\"contentUrl\":\"https:\/\/trainybrain.ch\/wp-content\/uploads\/2020\/03\/cropped-Logo-2-1.png\",\"width\":834,\"height\":500,\"caption\":\"trainybrain.ch\"},\"image\":{\"@id\":\"https:\/\/trainybrain.ch\/#\/schema\/logo\/image\/\"}}]}<\/script>\n<!-- \/ Yoast SEO plugin. -->","yoast_head_json":{"title":"\u00dcber mich - trainybrain.ch","robots":{"index":"index","follow":"follow","max-snippet":"max-snippet:-1","max-image-preview":"max-image-preview:large","max-video-preview":"max-video-preview:-1"},"canonical":"https:\/\/trainybrain.ch\/index.php\/ueber-mich\/","og_locale":"de_DE","og_type":"article","og_title":"\u00dcber mich - trainybrain.ch","og_description":"\u00dcber mich Mein Name ist Sandra Sch\u00e4rer, ich bin Mentalcoach, J&amp;S Fussball Trainerin sowie berufst\u00e4tige Ehefrau und Mutter. Lange Jahre war ich intensiv im Bereich des runden Leders unterwegs. Meine Begeisterung f\u00fcr Sport und mein Interesse am Menschen und seinem geistigen Potential haben mich zur Ausbildung als (Sport)-Mentaltrainerin gef\u00fchrt. Eine Weiterbildung zum Kinder- und Jugendcoach [&hellip;]","og_url":"https:\/\/trainybrain.ch\/index.php\/ueber-mich\/","og_site_name":"trainybrain.ch","article_modified_time":"2024-04-09T06:46:16+00:00","og_image":[{"width":360,"height":360,"url":"https:\/\/trainybrain.ch\/wp-content\/uploads\/2020\/03\/sandra360x360-1.jpg","type":"image\/jpeg"}],"twitter_card":"summary_large_image","twitter_misc":{"Gesch\u00e4tzte Lesezeit":"1\u00a0Minute"},"schema":{"@context":"https:\/\/schema.org","@graph":[{"@type":"WebPage","@id":"https:\/\/trainybrain.ch\/index.php\/ueber-mich\/","url":"https:\/\/trainybrain.ch\/index.php\/ueber-mich\/","name":"\u00dcber mich - trainybrain.ch","isPartOf":{"@id":"https:\/\/trainybrain.ch\/#website"},"datePublished":"2020-03-01T16:23:29+00:00","dateModified":"2024-04-09T06:46:16+00:00","breadcrumb":{"@id":"https:\/\/trainybrain.ch\/index.php\/ueber-mich\/#breadcrumb"},"inLanguage":"de","potentialAction":[{"@type":"ReadAction","target":["https:\/\/trainybrain.ch\/index.php\/ueber-mich\/"]}]},{"@type":"BreadcrumbList","@id":"https:\/\/trainybrain.ch\/index.php\/ueber-mich\/#breadcrumb","itemListElement":[{"@type":"ListItem","position":1,"name":"Startseite","item":"https:\/\/trainybrain.ch\/"},{"@type":"ListItem","position":2,"name":"\u00dcber mich"}]},{"@type":"WebSite","@id":"https:\/\/trainybrain.ch\/#website","url":"https:\/\/trainybrain.ch\/","name":"trainybrain.ch","description":"","publisher":{"@id":"https:\/\/trainybrain.ch\/#organization"},"potentialAction":[{"@type":"SearchAction","target":{"@type":"EntryPoint","urlTemplate":"https:\/\/trainybrain.ch\/?s={search_term_string}"},"query-input":"required name=search_term_string"}],"inLanguage":"de"},{"@type":"Organization","@id":"https:\/\/trainybrain.ch\/#organization","name":"trainybrain.ch","url":"https:\/\/trainybrain.ch\/","logo":{"@type":"ImageObject","inLanguage":"de","@id":"https:\/\/trainybrain.ch\/#\/schema\/logo\/image\/","url":"https:\/\/trainybrain.ch\/wp-content\/uploads\/2020\/03\/cropped-Logo-2-1.png","contentUrl":"https:\/\/trainybrain.ch\/wp-content\/uploads\/2020\/03\/cropped-Logo-2-1.png","width":834,"height":500,"caption":"trainybrain.ch"},"image":{"@id":"https:\/\/trainybrain.ch\/#\/schema\/logo\/image\/"}}]}},"_links":{"self":[{"href":"https:\/\/trainybrain.ch\/index.php\/wp-json\/wp\/v2\/pages\/720"}],"collection":[{"href":"https:\/\/trainybrain.ch\/index.php\/wp-json\/wp\/v2\/pages"}],"about":[{"href":"https:\/\/trainybrain.ch\/index.php\/wp-json\/wp\/v2\/types\/page"}],"author":[{"embeddable":true,"href":"https:\/\/trainybrain.ch\/index.php\/wp-json\/wp\/v2\/users\/2"}],"replies":[{"embeddable":true,"href":"https:\/\/trainybrain.ch\/index.php\/wp-json\/wp\/v2\/comments?post=720"}],"version-history":[{"count":12,"href":"https:\/\/trainybrain.ch\/index.php\/wp-json\/wp\/v2\/pages\/720\/revisions"}],"predecessor-version":[{"id":1122,"href":"https:\/\/trainybrain.ch\/index.php\/wp-json\/wp\/v2\/pages\/720\/revisions\/1122"}],"wp:featuredmedia":[{"embeddable":true,"href":"https:\/\/trainybrain.ch\/index.php\/wp-json\/wp\/v2\/media\/33"}],"wp:attachment":[{"href":"https:\/\/trainybrain.ch\/index.php\/wp-json\/wp\/v2\/media?parent=720"}],"curies":[{"name":"wp","href":"https:\/\/api.w.org\/{rel}","templated":true}]}}